{"id":1125,"date":"2015-05-08T13:22:48","date_gmt":"2015-05-08T13:22:48","guid":{"rendered":"http:\/\/quanticalabs.com\/wptest\/carservice\/?page_id=4"},"modified":"2025-10-03T07:41:11","modified_gmt":"2025-10-03T07:41:11","slug":"home","status":"publish","type":"page","link":"https:\/\/mc-koethen.de\/","title":{"rendered":"HOME"},"content":{"rendered":"<p>[vc_row type=&#8220;full-width&#8220;][vc_column][rev_slider_vc alias=&#8220;main&#8220;][\/vc_column][\/vc_row][vc_row][vc_column][vc_empty_space][vc_empty_space][vc_column_text]<\/p>\n<h2 style=\"text-align: center;\"><strong>Classic Cup K\u00f6then &#8211;<\/strong><br \/>\n<strong>4.-5.10.2025<\/strong><\/h2>\n<p>[\/vc_column_text][vc_empty_space][vc_empty_space][vc_tabs][vc_tab title=&#8220;Zeitplan&#8220; tab_id=&#8220;fdac3a97-3383-cl&#8220;]<a class=\"more\" href=\"https:\/\/mc-koethen.de\/wp-content\/uploads\/2025\/09\/Zeitplan_CC2025.pdf\" target=\"_blank\" title=\"Zeitplan\"><span>Zeitplan<\/span><\/a>[\/vc_tab][vc_tab title=&#8220;Aktuelles&#8220; tab_id=&#8220;1b2d99ef-983d-cl&#8220;]<a class=\"more\" href=\"https:\/\/whatsapp.com\/channel\/0029VaqdfPN9cDDYidsyLa0G\" target=\"_blank\" title=\"Immer auf dem Laufenden sein - WhatsApp-Kanal\"><span>Immer auf dem Laufenden sein - WhatsApp-Kanal<\/span><\/a>[\/vc_tab][vc_tab title=&#8220;Programmheft&#8220; tab_id=&#8220;9f82b11d-6786-cl&#8220;]<a class=\"more\" href=\"https:\/\/mc-koethen.de\/wp-content\/uploads\/2025\/10\/Programmheft_CC_2025_3.pdf\" target=\"_blank\" title=\"Programmheft\"><span>Programmheft<\/span><\/a>[\/vc_tab][\/vc_tabs][vc_empty_space][vc_empty_space][vc_empty_space][vc_empty_space][\/vc_column][\/vc_row][vc_row type=&#8220;full-width&#8220; css=&#8220;.vc_custom_1664706222858{background-color: #f5f5f5 !important;}&#8220;][vc_column][vc_empty_space height=&#8220;20px&#8220;][vc_empty_space height=&#8220;20px&#8220;][vc_empty_space height=&#8220;20px&#8220;][vc_column_text]<\/p>\n<h2 style=\"text-align: center;\"><strong>Classic Cup K\u00f6then &#8211;<\/strong><br \/>\n<strong>4.-5.10.2025<\/strong><\/h2>\n<p style=\"text-align: center;\">Sei mit dabei, alle Infos zum diesj\u00e4hrigen Cup gibt es oben im Programmheft (direkt zum downloaden).<\/p>\n<p><a href=\"https:\/\/mc-koethen.de\/wp-content\/uploads\/2025\/10\/Programmheft_CC_2025_3.pdf\"><img loading=\"lazy\" decoding=\"async\" class=\"alignnone size-medium wp-image-2613 aligncenter\" src=\"https:\/\/mc-koethen.de\/wp-content\/uploads\/2025\/10\/CC_25-210x300.jpg\" alt=\"\" width=\"210\" height=\"300\" srcset=\"https:\/\/mc-koethen.de\/wp-content\/uploads\/2025\/10\/CC_25-210x300.jpg 210w, https:\/\/mc-koethen.de\/wp-content\/uploads\/2025\/10\/CC_25.jpg 458w\" sizes=\"auto, (max-width: 210px) 100vw, 210px\" \/><\/a>[\/vc_column_text][vc_empty_space height=&#8220;20px&#8220;][vc_empty_space height=&#8220;20px&#8220;][vc_column_text]<img loading=\"lazy\" decoding=\"async\" class=\"size-medium wp-image-2573 aligncenter\" src=\"https:\/\/mc-koethen.de\/wp-content\/uploads\/2025\/07\/mck_2-300x300.jpg\" alt=\"\" width=\"300\" height=\"300\" srcset=\"https:\/\/mc-koethen.de\/wp-content\/uploads\/2025\/07\/mck_2-300x300.jpg 300w, https:\/\/mc-koethen.de\/wp-content\/uploads\/2025\/07\/mck_2-1024x1024.jpg 1024w, https:\/\/mc-koethen.de\/wp-content\/uploads\/2025\/07\/mck_2-150x150.jpg 150w, https:\/\/mc-koethen.de\/wp-content\/uploads\/2025\/07\/mck_2-768x768.jpg 768w, https:\/\/mc-koethen.de\/wp-content\/uploads\/2025\/07\/mck_2-90x90.jpg 90w, https:\/\/mc-koethen.de\/wp-content\/uploads\/2025\/07\/mck_2.jpg 1080w\" sizes=\"auto, (max-width: 300px) 100vw, 300px\" \/>[\/vc_column_text][vc_column_text][\/vc_column_text][vc_column_text]<\/p>\n<p style=\"text-align: center;\"><strong>PRESSEMITTEILUNG<br \/>\n\u201eMehr als nur ein Weltmeister\u201c \u2013 Vortrag &amp; Oldtimertreffen erinnern in K\u00f6then an Rennfahrer Ernst Degner<\/strong><\/p>\n<p style=\"text-align: center;\">Der Motorsportclub K\u00f6then e.V. l\u00e4dt am Samstag, dem 26. Juli 2025, zu einem besonderen Nachmittag im Zeichen des historischen Motorsports ein. Ab 14 Uhr wird die Theaterstra\u00dfe zur B\u00fchne f\u00fcr klassische Zweir\u00e4der, Benzingespr\u00e4che und pers\u00f6nliche Erinnerungen. Im Zentrum steht ein Name, der Motorsportgeschichte schrieb: Ernst Degner.Die Motorr\u00e4der aus Zschopau erlangten Weltruhm \u2013 das ist bekannt. Doch was sich hinter den Kulissen abspielte, wissen heute nur noch wenige. Einer von ihnen ist Stromhardt Kraft, langj\u00e4hriger Streckensprecher, Technikkenner und Zeitzeuge. Sein Vortrag tr\u00e4gt den Titel:<\/p>\n<p style=\"text-align: center;\">\ud83c\udfa4 \u201eErnst Degner \u2013 Aufstieg und Fall eines Helden\u201c<\/p>\n<p style=\"text-align: center;\">\ud83d\udd54 Beginn: 17:00 Uhr, D\u00fcrerbundhaus K\u00f6then<\/p>\n<p style=\"text-align: center;\">In zahlreichen Publikationen werde Degner auf seine spektakul\u00e4re Republikflucht 1961 und den damit verbundenen Spionageverdacht reduziert, sagt Kraft. Doch das werde dem Mann nicht gerecht:<\/p>\n<p style=\"text-align: center;\"><em>\u201eErnst Degner war ein Weltklasse-Pilot mit einem au\u00dfergew\u00f6hnlichen Format. Nur sehr wenige deutsche Rennfahrer haben in ihrer Karriere mehr erreicht als er. Als Zeitzeuge war es mir ein besonderes Bed\u00fcrfnis, das zu belegen und in einem Vortrag zu berichten.\u201c berichtet<\/em> Stromhardt Kraft.<\/p>\n<p style=\"text-align: center;\">Schon zu DDR-Zeiten galt Degner als Perfektionist \u2013 und als vom Pech verfolgter Techniker. Defekte an Z\u00fcndung, Kurbelwelle oder Kolben zwangen ihn oft zur Aufgabe. Erst nach seiner Flucht nach Japan konnte er mit Suzuki 1962 endlich Weltmeister werden \u2013 der H\u00f6hepunkt einer bewegten Karriere, deren dramatischer Abstieg nicht weniger erz\u00e4hlenswert ist. Genau diese H\u00f6hen und Tiefen stehen im Fokus des Vortrags.<\/p>\n<p style=\"text-align: center;\">Vor dem Vortrag l\u00e4dt der Motorsportclub K\u00f6then ab 14:00 Uhr zu einem Oldtimertreffen in die Theaterstra\u00dfe ein. Fahrzeuge werden ab der Leopoldstra\u00dfe eingef\u00fchrt und gut sichtbar f\u00fcr alle Besucher aufgereiht \u2013 eine atmosph\u00e4rische Kulisse f\u00fcr Fans, Familien und Fotografierende.<\/p>\n<p style=\"text-align: center;\">F\u00fcr das leibliche Wohl sorgt der Verein mit Kaffee, Kuchen, Bockwurst sowie erfrischenden Getr\u00e4nken. Sitzgelegenheiten und Pavillons machen den Nachmittag zu einem Ort des Austauschs und Erinnerns.<\/p>\n<p style=\"text-align: center;\">Auch der Vereinsvorsitzende Sebastian Schwab betont die Bedeutung der Veranstaltung:<\/p>\n<p style=\"text-align: center;\"><em>\u201eNeben dem ADMV Classic Cup, der in diesem Jahr am 5. Oktober stattfindet, bietet unser Verein mit diesem Vortrag ein zweites Highlight im Veranstaltungskalender der Stadt K\u00f6then. Wir freuen uns auf motorsportinteressierte G\u00e4ste \u2013 aber genauso auf alle Generationen, die Freude an historischen Fahrzeugen und spannenden Geschichten haben.\u201c<\/em><\/p>\n<p style=\"text-align: center;\">\ud83d\udccd Ort: D\u00fcrerbundhaus K\u00f6then, Theaterstra\u00dfe 12<\/p>\n<p style=\"text-align: center;\">\n\ud83d\udcc5 Datum: Samstag, 26. Juli 2025<\/p>\n<p style=\"text-align: center;\">\ud83d\udd51 Oldtimertreffen ab 14:00 Uhr<\/p>\n<p style=\"text-align: center;\">\ud83c\udfa4 Vortrag ab 17:00 Uhr<\/p>\n<p style=\"text-align: center;\">\ud83c\udf9f\ufe0f Eintritt frei, Spenden willkommen<\/p>\n<p>[\/vc_column_text][vc_column_text][\/vc_column_text][vc_column_text]&nbsp;<\/p>\n<p>&nbsp;<\/p>\n<p>&nbsp;[\/vc_column_text][vc_column_text][\/vc_column_text][vc_column_text][\/vc_column_text][vc_column_text]<\/p>\n<h3 style=\"text-align: center;\">01.09.2024 &#8211; Sachsen-Anhalt-Tag in Stendal &#8211; wir waren dabei:<\/h3>\n<p style=\"text-align: center;\">Bunt, weltoffen und vielf\u00e4ltig, so pr\u00e4sentierte sich das Land Sachsen-Anhalt am zur\u00fcckliegenden Wochenende beim Landesfest in Stendal. An allen drei Veranstaltungstagen gab es auf zahlreichen B\u00fchnen und in den Regionald\u00f6rfern viel zu erleben. Auch der Landkreis Anhalt-Bitterfeld war in Stendal stark vertreten.<\/p>\n<p style=\"text-align: center;\">Weit im Voraus wurde nach aktiven Teilnehmer:innen gesucht, welche sich am Highlight des Festwochenendes, dem gro\u00dfen Festumzug, beteiligen wollten. So erreichte auch die Mitglieder des Motorsportclub K\u00f6then e.V. die Anfrage der Landkreisverwaltung. Ohne lang zu z\u00f6gern nahmen mehrere Mitglieder die anderthalbst\u00fcndige Anreise auf sich, um die Vielfalt des Landkreises Anhalt-Bitterfeld im Festumzug zu repr\u00e4sentieren und f\u00fcr den am 06. Oktober2024anstehenden K\u00f6thener ADMV Classic Cup in der Altmark die Werbetrommel zu r\u00fchren. Mit im Gep\u00e4ck hatte der Korso aus K\u00f6then den clubeigenen Rennwagen, einen f\u00fcr die Rennstrecke aufgebauten Mazda MX-3 sowie mehrere Cabrios und historische Fahrzeuge aus den 80er Jahren des zur\u00fcckliegenden Jahrhunderts. Den Zuschauer:innen am Stra\u00dfenrand gefiel der Mix aus historischen und modernen Fahrzeugen sichtlich. F\u00fcr den Motorsportclub K\u00f6then e.V. bot die Ausfahrt nach Stendal die passende Gelegenheit auf sich und die eigenen Aktivit\u00e4ten aufmerksam zu machen, neue Kontakte zu kn\u00fcpfen und die Region und die Angebote des gr\u00f6\u00dften Volksfestes Sachsen-Anhalts zu erleben.<\/p>\n<p style=\"text-align: center;\">Ein gro\u00dfes Dankesch\u00f6n gilt an dieser Stelle dem Tourismusmanagement des Landkreises Anhalt-Bitterfeld um Mandy Rentzsch, die sich im Vorfeld und w\u00e4hrend des Sachsen-Anhalt Tages r\u00fchrend um die Teilnehmer des Festumzuges gek\u00fcmmert hat.<\/p>\n<p style=\"text-align: center;\">Am Umzug waren neben dem Motorsportclub K\u00f6then, dem KUKAK\u00d6 und dem Kultur-und Heimatverein aus Aken (Elbe) noch mehrere Akteure unseres sch\u00f6nen Landkreises beteiligt. Angef\u00fchrt wurde der Anhalt-Bitterfelder Umzugsteil von Landrat Andy Grabner, welcher es sich nicht nehmen lie\u00df, alle Umzugsteilnehmer aus seinem Landkreis pers\u00f6nlich zu begr\u00fc\u00dfen. Landrat Andy Grabner als auch die Oberb\u00fcrgermeisterin der Stadt K\u00f6then, Christina Buchheim, sind Schirmherr bzw. Schirmherrin des ADMV Classic Cup in K\u00f6then und unterst\u00fctzen mit ihren Teams Jahr f\u00fcr Jahr das historische Motorsportevent in K\u00f6then, welches mittlerweile mehr als 140 Fahrer:innen und abertausende Besucher:innen an den Wattrelosring nach K\u00f6then lockt.<\/p>\n<p style=\"text-align: center;\"><strong>Mit den besten Gr\u00fc\u00dfen<br \/>\n<\/strong><strong>Sebastian Schwab<br \/>\n<\/strong><strong>Pr\u00e4sident des Motorsportclub K\u00f6then e.V.<\/strong><\/p>\n<h3 style=\"text-align: center;\"><img loading=\"lazy\" decoding=\"async\" class=\"alignnone size-medium wp-image-2526\" src=\"https:\/\/mc-koethen.de\/wp-content\/uploads\/2024\/09\/SAT_24_001-300x169.jpg\" alt=\"\" width=\"300\" height=\"169\" srcset=\"https:\/\/mc-koethen.de\/wp-content\/uploads\/2024\/09\/SAT_24_001-300x169.jpg 300w, https:\/\/mc-koethen.de\/wp-content\/uploads\/2024\/09\/SAT_24_001-1024x576.jpg 1024w, https:\/\/mc-koethen.de\/wp-content\/uploads\/2024\/09\/SAT_24_001-768x432.jpg 768w, https:\/\/mc-koethen.de\/wp-content\/uploads\/2024\/09\/SAT_24_001.jpg 1333w\" sizes=\"auto, (max-width: 300px) 100vw, 300px\" \/><img loading=\"lazy\" decoding=\"async\" class=\"alignnone size-medium wp-image-2532\" src=\"https:\/\/mc-koethen.de\/wp-content\/uploads\/2024\/09\/SAT_24_008-300x200.jpg\" alt=\"\" width=\"300\" height=\"200\" srcset=\"https:\/\/mc-koethen.de\/wp-content\/uploads\/2024\/09\/SAT_24_008-300x200.jpg 300w, https:\/\/mc-koethen.de\/wp-content\/uploads\/2024\/09\/SAT_24_008-1024x682.jpg 1024w, https:\/\/mc-koethen.de\/wp-content\/uploads\/2024\/09\/SAT_24_008-768x512.jpg 768w, https:\/\/mc-koethen.de\/wp-content\/uploads\/2024\/09\/SAT_24_008-870x580.jpg 870w, https:\/\/mc-koethen.de\/wp-content\/uploads\/2024\/09\/SAT_24_008-570x380.jpg 570w, https:\/\/mc-koethen.de\/wp-content\/uploads\/2024\/09\/SAT_24_008-480x320.jpg 480w, https:\/\/mc-koethen.de\/wp-content\/uploads\/2024\/09\/SAT_24_008-390x260.jpg 390w, https:\/\/mc-koethen.de\/wp-content\/uploads\/2024\/09\/SAT_24_008-270x180.jpg 270w, https:\/\/mc-koethen.de\/wp-content\/uploads\/2024\/09\/SAT_24_008.jpg 1225w\" sizes=\"auto, (max-width: 300px) 100vw, 300px\" \/><img loading=\"lazy\" decoding=\"async\" class=\"alignnone size-medium wp-image-2531\" src=\"https:\/\/mc-koethen.de\/wp-content\/uploads\/2024\/09\/SAT_24_007-300x200.jpg\" alt=\"\" width=\"300\" height=\"200\" srcset=\"https:\/\/mc-koethen.de\/wp-content\/uploads\/2024\/09\/SAT_24_007-300x200.jpg 300w, https:\/\/mc-koethen.de\/wp-content\/uploads\/2024\/09\/SAT_24_007-1024x684.jpg 1024w, https:\/\/mc-koethen.de\/wp-content\/uploads\/2024\/09\/SAT_24_007-768x513.jpg 768w, https:\/\/mc-koethen.de\/wp-content\/uploads\/2024\/09\/SAT_24_007-870x580.jpg 870w, https:\/\/mc-koethen.de\/wp-content\/uploads\/2024\/09\/SAT_24_007-570x380.jpg 570w, https:\/\/mc-koethen.de\/wp-content\/uploads\/2024\/09\/SAT_24_007-480x320.jpg 480w, https:\/\/mc-koethen.de\/wp-content\/uploads\/2024\/09\/SAT_24_007-390x260.jpg 390w, https:\/\/mc-koethen.de\/wp-content\/uploads\/2024\/09\/SAT_24_007-270x180.jpg 270w, https:\/\/mc-koethen.de\/wp-content\/uploads\/2024\/09\/SAT_24_007.jpg 1224w\" sizes=\"auto, (max-width: 300px) 100vw, 300px\" \/><img loading=\"lazy\" decoding=\"async\" class=\"alignnone size-medium wp-image-2530\" src=\"https:\/\/mc-koethen.de\/wp-content\/uploads\/2024\/09\/SAT_24_006-300x169.jpg\" alt=\"\" width=\"300\" height=\"169\" srcset=\"https:\/\/mc-koethen.de\/wp-content\/uploads\/2024\/09\/SAT_24_006-300x169.jpg 300w, https:\/\/mc-koethen.de\/wp-content\/uploads\/2024\/09\/SAT_24_006-1024x576.jpg 1024w, https:\/\/mc-koethen.de\/wp-content\/uploads\/2024\/09\/SAT_24_006-768x432.jpg 768w, https:\/\/mc-koethen.de\/wp-content\/uploads\/2024\/09\/SAT_24_006.jpg 1333w\" sizes=\"auto, (max-width: 300px) 100vw, 300px\" \/><img loading=\"lazy\" decoding=\"async\" class=\"alignnone size-medium wp-image-2529\" src=\"https:\/\/mc-koethen.de\/wp-content\/uploads\/2024\/09\/SAT_24_005-169x300.jpg\" alt=\"\" width=\"169\" height=\"300\" srcset=\"https:\/\/mc-koethen.de\/wp-content\/uploads\/2024\/09\/SAT_24_005-169x300.jpg 169w, https:\/\/mc-koethen.de\/wp-content\/uploads\/2024\/09\/SAT_24_005-576x1024.jpg 576w, https:\/\/mc-koethen.de\/wp-content\/uploads\/2024\/09\/SAT_24_005.jpg 750w\" sizes=\"auto, (max-width: 169px) 100vw, 169px\" \/><img loading=\"lazy\" decoding=\"async\" class=\"alignnone size-medium wp-image-2528\" src=\"https:\/\/mc-koethen.de\/wp-content\/uploads\/2024\/09\/SAT_24_004-300x169.jpg\" alt=\"\" width=\"300\" height=\"169\" srcset=\"https:\/\/mc-koethen.de\/wp-content\/uploads\/2024\/09\/SAT_24_004-300x169.jpg 300w, https:\/\/mc-koethen.de\/wp-content\/uploads\/2024\/09\/SAT_24_004-1024x576.jpg 1024w, https:\/\/mc-koethen.de\/wp-content\/uploads\/2024\/09\/SAT_24_004-768x432.jpg 768w, https:\/\/mc-koethen.de\/wp-content\/uploads\/2024\/09\/SAT_24_004.jpg 1333w\" sizes=\"auto, (max-width: 300px) 100vw, 300px\" \/><img loading=\"lazy\" decoding=\"async\" class=\"alignnone size-medium wp-image-2527\" src=\"https:\/\/mc-koethen.de\/wp-content\/uploads\/2024\/09\/SAT_24_003-300x169.jpg\" alt=\"\" width=\"300\" height=\"169\" srcset=\"https:\/\/mc-koethen.de\/wp-content\/uploads\/2024\/09\/SAT_24_003-300x169.jpg 300w, https:\/\/mc-koethen.de\/wp-content\/uploads\/2024\/09\/SAT_24_003-1024x576.jpg 1024w, https:\/\/mc-koethen.de\/wp-content\/uploads\/2024\/09\/SAT_24_003-768x432.jpg 768w, https:\/\/mc-koethen.de\/wp-content\/uploads\/2024\/09\/SAT_24_003.jpg 1333w\" sizes=\"auto, (max-width: 300px) 100vw, 300px\" \/><\/h3>\n<p>&nbsp;[\/vc_column_text][vc_column_text]<\/p>\n<h3 style=\"text-align: center;\">Am 15.1.23 &#8211; das traditionelle Neujahreskartfahren des MC K\u00f6then im Saxracing Leipzig.<\/h3>\n<p style=\"text-align: center;\"><img loading=\"lazy\" decoding=\"async\" class=\"alignnone size-medium wp-image-2490\" src=\"https:\/\/mc-koethen.de\/wp-content\/uploads\/2023\/02\/mc_k_004-300x225.jpeg\" alt=\"\" width=\"300\" height=\"225\" srcset=\"https:\/\/mc-koethen.de\/wp-content\/uploads\/2023\/02\/mc_k_004-300x225.jpeg 300w, https:\/\/mc-koethen.de\/wp-content\/uploads\/2023\/02\/mc_k_004-768x576.jpeg 768w, https:\/\/mc-koethen.de\/wp-content\/uploads\/2023\/02\/mc_k_004.jpeg 1024w\" sizes=\"auto, (max-width: 300px) 100vw, 300px\" \/> <img loading=\"lazy\" decoding=\"async\" class=\"alignnone size-medium wp-image-2494\" src=\"https:\/\/mc-koethen.de\/wp-content\/uploads\/2023\/02\/mc_k_008-300x200.jpeg\" alt=\"\" width=\"300\" height=\"200\" srcset=\"https:\/\/mc-koethen.de\/wp-content\/uploads\/2023\/02\/mc_k_008-300x200.jpeg 300w, https:\/\/mc-koethen.de\/wp-content\/uploads\/2023\/02\/mc_k_008-1024x682.jpeg 1024w, https:\/\/mc-koethen.de\/wp-content\/uploads\/2023\/02\/mc_k_008-768x512.jpeg 768w, https:\/\/mc-koethen.de\/wp-content\/uploads\/2023\/02\/mc_k_008-1536x1023.jpeg 1536w, https:\/\/mc-koethen.de\/wp-content\/uploads\/2023\/02\/mc_k_008-870x580.jpeg 870w, https:\/\/mc-koethen.de\/wp-content\/uploads\/2023\/02\/mc_k_008-570x380.jpeg 570w, https:\/\/mc-koethen.de\/wp-content\/uploads\/2023\/02\/mc_k_008-480x320.jpeg 480w, https:\/\/mc-koethen.de\/wp-content\/uploads\/2023\/02\/mc_k_008-390x260.jpeg 390w, https:\/\/mc-koethen.de\/wp-content\/uploads\/2023\/02\/mc_k_008-270x180.jpeg 270w, https:\/\/mc-koethen.de\/wp-content\/uploads\/2023\/02\/mc_k_008.jpeg 1600w\" sizes=\"auto, (max-width: 300px) 100vw, 300px\" \/> <img loading=\"lazy\" decoding=\"async\" class=\"alignnone size-medium wp-image-2492\" src=\"https:\/\/mc-koethen.de\/wp-content\/uploads\/2023\/02\/mc_k_006-300x200.jpeg\" alt=\"\" width=\"300\" height=\"200\" srcset=\"https:\/\/mc-koethen.de\/wp-content\/uploads\/2023\/02\/mc_k_006-300x200.jpeg 300w, https:\/\/mc-koethen.de\/wp-content\/uploads\/2023\/02\/mc_k_006-1024x682.jpeg 1024w, https:\/\/mc-koethen.de\/wp-content\/uploads\/2023\/02\/mc_k_006-768x512.jpeg 768w, https:\/\/mc-koethen.de\/wp-content\/uploads\/2023\/02\/mc_k_006-1536x1023.jpeg 1536w, https:\/\/mc-koethen.de\/wp-content\/uploads\/2023\/02\/mc_k_006-870x580.jpeg 870w, https:\/\/mc-koethen.de\/wp-content\/uploads\/2023\/02\/mc_k_006-570x380.jpeg 570w, https:\/\/mc-koethen.de\/wp-content\/uploads\/2023\/02\/mc_k_006-480x320.jpeg 480w, https:\/\/mc-koethen.de\/wp-content\/uploads\/2023\/02\/mc_k_006-390x260.jpeg 390w, https:\/\/mc-koethen.de\/wp-content\/uploads\/2023\/02\/mc_k_006-270x180.jpeg 270w, https:\/\/mc-koethen.de\/wp-content\/uploads\/2023\/02\/mc_k_006.jpeg 1600w\" sizes=\"auto, (max-width: 300px) 100vw, 300px\" \/> <img loading=\"lazy\" decoding=\"async\" class=\"alignnone size-medium wp-image-2488\" src=\"https:\/\/mc-koethen.de\/wp-content\/uploads\/2023\/02\/mc_k_002-300x225.jpeg\" alt=\"\" width=\"300\" height=\"225\" srcset=\"https:\/\/mc-koethen.de\/wp-content\/uploads\/2023\/02\/mc_k_002-300x225.jpeg 300w, https:\/\/mc-koethen.de\/wp-content\/uploads\/2023\/02\/mc_k_002-768x576.jpeg 768w, https:\/\/mc-koethen.de\/wp-content\/uploads\/2023\/02\/mc_k_002.jpeg 1024w\" sizes=\"auto, (max-width: 300px) 100vw, 300px\" \/> <img loading=\"lazy\" decoding=\"async\" class=\"alignnone size-medium wp-image-2487\" src=\"https:\/\/mc-koethen.de\/wp-content\/uploads\/2023\/02\/mc_k_001-225x300.jpeg\" alt=\"\" width=\"225\" height=\"300\" srcset=\"https:\/\/mc-koethen.de\/wp-content\/uploads\/2023\/02\/mc_k_001-225x300.jpeg 225w, https:\/\/mc-koethen.de\/wp-content\/uploads\/2023\/02\/mc_k_001.jpeg 768w\" sizes=\"auto, (max-width: 225px) 100vw, 225px\" \/><\/p>\n<p>&nbsp;[\/vc_column_text][vc_column_text]<\/p>\n<h3 style=\"text-align: center;\">ADMV &#8211; Classic Cup 2022 &#8211; 01.\/02.10.2022<\/h3>\n<p>[\/vc_column_text][vc_empty_space height=&#8220;20px&#8220;][vc_single_image image=&#8220;2187&#8243; img_size=&#8220;large&#8220; alignment=&#8220;center&#8220;][vc_empty_space height=&#8220;20px&#8220;][vc_tabs][vc_tab title=&#8220;Facebook&#8220; tab_id=&#8220;1664706489445-1-0&#8243;]<a class=\"more\" href=\"https:\/\/www.facebook.com\/MotorsportclubKoethen\" target=\"_blank\" title=\"aktuelle Videos - Facebook\"><span>aktuelle Videos - Facebook<\/span><\/a>[\/vc_tab][vc_tab title=&#8220;Wertiungslisten&#8220; tab_id=&#8220;1664914182278-2-1&#8243;]<a class=\"more\" href=\"https:\/\/mc-koethen.de\/?page_id=137\" title=\"Listen\"><span>Listen<\/span><\/a>[\/vc_tab][\/vc_tabs][vc_empty_space][\/vc_column][\/vc_row][vc_row top_margin=&#8220;page-margin-top-section&#8220;][vc_column]<h2 class=\" box-header\">WER WIR SIND?<\/h2>[vc_column_text el_class=&#8220;description align-center&#8220;]Wir sind ein bunter Haufen, von begeisterten Motorsport-Fans, die selber Hand anlegen. Ob Jung oder Alt, Mann oder Frau, Stahlarbeiter oder &#8222;B\u00fcrohengst&#8220;, ein jeder ist uns willkommen, der unsere Leidenschaft f\u00fcr den Motorsport teilt.[\/vc_column_text][vc_single_image image=&#8220;1655&#8243; img_size=&#8220;full&#8220; alignment=&#8220;center&#8220;][vc_row_inner top_margin=&#8220;page-margin-top&#8220;][vc_column_inner width=&#8220;1\/3&#8243;]<div class=\"feature-item feature-item-big\"><div class=\"hexagon\"><div class=\"sl-small-user-chat\"><\/div><\/div><h4 class=\"box-header\">Anf\u00e4nger oder Profi<\/h4><p>Hier findet jeder den passenden Gespr\u00e4chspartner rund um das Thema Motorsport.<\/p><\/div>[\/vc_column_inner][vc_column_inner width=&#8220;1\/3&#8243;]<div class=\"feature-item feature-item-big\"><div class=\"hexagon\"><div class=\"sl-small-wrench-screwdriver\"><\/div><\/div><h4 class=\"box-header\">Schrauber vom Dienst<\/h4><p>Bei uns kann und wird immer noch selber Hand angelegt und kr\u00e4ftigt geschraubt.<\/p><\/div>[\/vc_column_inner][vc_column_inner width=&#8220;1\/3&#8243;]<div class=\"feature-item feature-item-big\"><div class=\"hexagon\"><div class=\"sl-small-truck-tow\"><\/div><\/div><h4 class=\"box-header\">Hilfe untereinander<\/h4><p>Und wenn es mal nicht so rund l\u00e4uft, bei uns bliebt keiner auf der Strecke.<\/p><\/div>[\/vc_column_inner][\/vc_row_inner][\/vc_column][\/vc_row][vc_row el_class=&#8220;align-center margin-top-67 padding-bottom-20&#8243;][vc_column][\/vc_column][\/vc_row][vc_row type=&#8220;full-width&#8220; top_margin=&#8220;page-margin-top-section&#8220; el_class=&#8220;flex-box&#8220; css=&#8220;.vc_custom_1441196365110{background-color: #f5f5f5 !important;}&#8220;][vc_column width=&#8220;1\/2&#8243; css=&#8220;.vc_custom_1633119503808{background-image: url(http:\/\/mck.mc-koethen.de\/wp-content\/uploads\/2021\/10\/links.jpg?id=1657) !important;}&#8220;][vc_single_image image=&#8220;2095&#8243; img_size=&#8220;large&#8220; alignment=&#8220;center&#8220;][\/vc_column][vc_column width=&#8220;1\/2&#8243; el_class=&#8220;padding-left-right-100 padding-bottom-66&#8243;]<h2 class=\" box-header page-margin-top-section\">Motorsport<\/h2>[vc_column_text el_class=&#8220;description align-center&#8220;]Alles rund um das Thema Motorsport ist bei uns vertreten.[\/vc_column_text][vc_row_inner css=&#8220;.vc_custom_1439977887316{margin-top: 30px !important;}&#8220;][vc_column_inner width=&#8220;1\/2&#8243;]<ul class=\"list\"><li class=\"template-bullet \"><span>Oldtimer<\/span><\/li><li class=\"template-bullet \"><span>Yountimer<\/span><\/li><li class=\"template-bullet \"><span>Motor\u00e4der<\/span><\/li><li class=\"template-bullet \"><span>Go Karts<\/span><\/li><\/ul>[\/vc_column_inner][vc_column_inner width=&#8220;1\/2&#8243;]<ul class=\"list\"><li class=\"template-bullet \"><span>Mudracer<\/span><\/li><li class=\"template-bullet \"><span>Fun Race Taxi<\/span><\/li><li class=\"template-bullet \"><span>Crashcar<\/span><\/li><li class=\"template-bullet \"><span>Rennwagen<\/span><\/li><\/ul>[\/vc_column_inner][\/vc_row_inner][\/vc_column][\/vc_row]<\/p>\n","protected":false},"excerpt":{"rendered":"<p>[vc_row type=&#8220;full-width&#8220;][vc_column][rev_slider_vc alias=&#8220;main&#8220;][\/vc_column][\/vc_row][vc_row][vc_column][vc_empty_space][vc_empty_space][vc_column_text] Classic Cup K\u00f6then &#8211; 4.-5.10.2025 [\/vc_column_text][vc_empty_space][vc_empty_space][vc_tabs][vc_tab title=&#8220;Zeitplan&#8220; tab_id=&#8220;fdac3a97-3383-cl&#8220;][\/vc_tab][vc_tab title=&#8220;Aktuelles&#8220; tab_id=&#8220;1b2d99ef-983d-cl&#8220;][\/vc_tab][vc_tab title=&#8220;Programmheft&#8220; tab_id=&#8220;9f82b11d-6786-cl&#8220;][\/vc_tab][\/vc_tabs][vc_empty_space][vc_empty_space][vc_empty_space][vc_empty_space][\/vc_column][\/vc_row][vc_row type=&#8220;full-width&#8220; css=&#8220;.vc_custom_1664706222858{background-color: #f5f5f5 !important;}&#8220;][vc_column][vc_empty_space height=&#8220;20px&#8220;][vc_empty_space height=&#8220;20px&#8220;][vc_empty_space height=&#8220;20px&#8220;][vc_column_text] Classic Cup K\u00f6then &#8211; 4.-5.10.2025 Sei mit dabei, alle Infos zum diesj\u00e4hrigen Cup gibt es oben im Programmheft (direkt zum downloaden). [\/vc_column_text][vc_empty_space height=&#8220;20px&#8220;][vc_empty_space height=&#8220;20px&#8220;][vc_column_text][\/vc_column_text][vc_column_text][\/vc_column_text][vc_column_text] PRESSEMITTEILUNG \u201eMehr als nur ein Weltmeister\u201c \u2013 Vortrag &amp;<\/p>\n","protected":false},"author":1,"featured_media":0,"parent":0,"menu_order":0,"comment_status":"open","ping_status":"open","template":"template-default-without-breadcrumbs.php","meta":{"footnotes":""},"class_list":["post-1125","page","type-page","status-publish","hentry"],"_links":{"self":[{"href":"https:\/\/mc-koethen.de\/index.php?rest_route=\/wp\/v2\/pages\/1125","targetHints":{"allow":["GET"]}}],"collection":[{"href":"https:\/\/mc-koethen.de\/index.php?rest_route=\/wp\/v2\/pages"}],"about":[{"href":"https:\/\/mc-koethen.de\/index.php?rest_route=\/wp\/v2\/types\/page"}],"author":[{"embeddable":true,"href":"https:\/\/mc-koethen.de\/index.php?rest_route=\/wp\/v2\/users\/1"}],"replies":[{"embeddable":true,"href":"https:\/\/mc-koethen.de\/index.php?rest_route=%2Fwp%2Fv2%2Fcomments&post=1125"}],"version-history":[{"count":93,"href":"https:\/\/mc-koethen.de\/index.php?rest_route=\/wp\/v2\/pages\/1125\/revisions"}],"predecessor-version":[{"id":2614,"href":"https:\/\/mc-koethen.de\/index.php?rest_route=\/wp\/v2\/pages\/1125\/revisions\/2614"}],"wp:attachment":[{"href":"https:\/\/mc-koethen.de\/index.php?rest_route=%2Fwp%2Fv2%2Fmedia&parent=1125"}],"curies":[{"name":"wp","href":"https:\/\/api.w.org\/{rel}","templated":true}]}}